{"id":27505,"date":"2025-10-27T16:57:49","date_gmt":"2025-10-27T16:57:49","guid":{"rendered":"https:\/\/www.puertascruz.com\/?page_id=27505"},"modified":"2025-10-27T17:13:06","modified_gmt":"2025-10-27T17:13:06","slug":"terminos-y-condiciones","status":"publish","type":"page","link":"https:\/\/www.puertascruz.com\/ca\/terminos-y-condiciones\/","title":{"rendered":"terminos y condiciones"},"content":{"rendered":"<div data-elementor-type=\"wp-page\" data-elementor-id=\"27505\" class=\"elementor elementor-27505\" data-elementor-post-type=\"page\">\n\t\t\t\t<div class=\"elementor-element elementor-element-2f79674 e-flex e-con-boxed e-con e-parent\" data-id=\"2f79674\" data-element_type=\"container\">\n\t\t\t\t\t<div class=\"e-con-inner\">\n\t\t\t\t<div class=\"elementor-element elementor-element-6687d45 elementor-widget elementor-widget-heading\" data-id=\"6687d45\" data-element_type=\"widget\" data-settings=\"{&quot;wdt_animation_effect&quot;:&quot;none&quot;}\" data-widget_type=\"heading.default\">\n\t\t\t\t\t<h2 class=\"elementor-heading-title elementor-size-default\">Termes i condicions<\/h2>\t\t\t\t<\/div>\n\t\t\t\t\t<\/div>\n\t\t\t\t<\/div>\n\t\t<div class=\"elementor-element elementor-element-56ff70e e-flex e-con-boxed e-con e-parent\" data-id=\"56ff70e\" data-element_type=\"container\">\n\t\t\t\t\t<div class=\"e-con-inner\">\n\t\t\t\t<div class=\"elementor-element elementor-element-27aa234 elementor-widget elementor-widget-text-editor\" data-id=\"27aa234\" data-element_type=\"widget\" data-settings=\"{&quot;wdt_animation_effect&quot;:&quot;none&quot;}\" data-widget_type=\"text-editor.default\">\n\t\t\t\t\t\t\t\t\t<p data-cya11y-org-font-size=\"16\">Datos de la empresa<\/p><p data-cya11y-org-font-size=\"16\">Puertas y Molduras CRUZ \u2028C.I.F: B25404393 Domicilio: Av. de la Mediterr\u00e0nia, 16, 25241 Golm\u00e9s, Lleida. Tel\u00e9fono: +34 973602218 \/ 977263370 E-mail: puertascruz@puertascruz.com<\/p><p data-cya11y-org-font-size=\"16\">Usuarios<\/p><p data-cya11y-org-font-size=\"16\">El acceso y\/o uso de este sitio web atribuye la condici\u00f3n de usuario, y acepta, desde este acceso y\/o uso, las condiciones generales que se describen en este apartado.<\/p><p data-cya11y-org-font-size=\"16\">Utilizaci\u00f3 del Sitio web<\/p><p data-cya11y-org-font-size=\"16\">El sitio web es ofrecido con fines informativas de los servicios ofrecidos por Puertas y Molduras CRUZ. , la cual podr\u00e1 dejar de prestar estos servicios en este sitio web sin previa comunicaci\u00f3n al usuario, lo cual no comportar\u00e1 ninguna obligaci\u00f3n legal con el mismo o con terceros.<\/p><p data-cya11y-org-font-size=\"16\">V\u00ednculos a Terceros<\/p><p data-cya11y-org-font-size=\"16\">En el caso de v\u00ednculos a lugares de terceros, el usuario pasar\u00e1 a estar regido por las Condiciones Generales\/ Aviso Legal del nuevo lugar.Puertas y Molduras CRUZ no ser\u00e1 responsable ni tendr\u00e1 obligaci\u00f3n legal por el uso de tales lugares.<\/p><p data-cya11y-org-font-size=\"16\">Exclusi\u00f3n de garant\u00edas y respontabilitat:<\/p><p data-cya11y-org-font-size=\"16\">Puertas y Molduras CRUZ no se hace responsable, en ning\u00fan caso, de los da\u00f1os y perjuicios de cualquier naturaleza que pudieran ocasionar, a t\u00edtulo enunciativo y no limitativo: errores u omisiones en los contenidos de los textos publicados, falta de disponibilidad del portal o la transmisi\u00f3n de virus o programas maliciosos o lesivos en los contenidos, a pesar de haber adoptado todas las medidas tecnol\u00f3gicas necesarias para evitarlo. As\u00ed mismo, aunque se intenta en lo posible mantener la informaci\u00f3n actualizada,Puertas y Molduras CRUZ. no puede garantizar la exactitud de la informaci\u00f3n que ofrece en este sitio web, que puede estar incompleta o contener errores, tenido que principalmente a la r\u00e1pida evoluci\u00f3n de la normativa de referencia.<\/p><p data-cya11y-org-font-size=\"16\">Derechos de Autor (Propiedad intelectual e industrial)<\/p><p data-cya11y-org-font-size=\"16\">Todos los textos e im\u00e1genes contenidos en el sitio web de Puertas y Molduras CRUZ poseen derechos de autor y no pueden ser reproducidos sin autorizaci\u00f3n por escrito de sus propietarios legales.<\/p><p data-cya11y-org-font-size=\"16\">Privacidad<\/p><p data-cya11y-org-font-size=\"16\">La informaci\u00f3n que los usuarios proporcionen a Puertas y Molduras CRUZ a trav\u00e9s de los formularios y\/o direcciones de correo de este sitio web, se utiliza para contestar a sus consultas, proceder a su inscripci\u00f3n y remitirlos informaci\u00f3n. Para mayor informaci\u00f3n sobre el tratamiento de datos en esta Web, consulte nuestra Pol\u00edtica de Privacidad.<\/p><p data-cya11y-org-font-size=\"16\">Legislaci\u00f3n<\/p><p data-cya11y-org-font-size=\"16\">Las presentes condiciones generales se regir\u00e1n por la legislaci\u00f3n espa\u00f1ola. Para la resoluci\u00f3n de cualquier controversia que pudiera surgir en relaci\u00f3n a las mismas, tanto Puertas y Molduras CRUZ como los usuarios se someten a la jurisdicci\u00f3n de los Tribunales que resulten legalmente competentes.<\/p><p data-cya11y-org-font-size=\"16\">Modificaciones del Aviso Legal<\/p><p data-cya11y-org-font-size=\"16\">Puertas y Molduras CRUZ podr\u00e1 modificar el apartado Aviso legal cuando lo considere pertinente. El usuario tendr\u00e1 que revisar su contenido en cada visita, puesto que los mismos pueden ser modificados sin previo aviso. As\u00ed mismo, comprende y acepta todas y cada una de las cl\u00e1usulas contenidas en el presente documento. Es de la entera responsabilidad del usuario revisar los t\u00e9rminos recogidos en este apartado.<\/p><p data-cya11y-org-font-size=\"16\">Derechos de autor<\/p><p data-cya11y-org-font-size=\"16\">El uso de los contenidos y materiales facilitados en el \u00e1mbito del servicio que contrata el cliente est\u00e1 limitado solo al cliente que lo ha adquirido, no estando permitido el difundir o compartir los contenidos de estos servicios.\u2028Los contenidos de los servicios y los derechos de propiedad intelectual que pudieran corresponder a estos contenidos, poseen derechos de autor y no pueden ser reproducidos ni compartidos sin autorizaci\u00f3n por escrito de sus propietarios legales, pudiendo en caso contrario ejercitar las acciones legales correspondientes<\/p><p data-cya11y-org-font-size=\"16\">Modificaci\u00f3n de las presentes condiciones<\/p><p data-cya11y-org-font-size=\"16\">Puertas y Molduras CRUZ podr\u00e1 modificar las presentes condiciones por el que se recomienda la lectura de las mismas al cliente en cada proceso de compra. Las modificaciones no tendr\u00e1n efectos retroactivos en las contrataciones ya realizadas.<\/p><p data-cya11y-org-font-size=\"16\">Legislaci\u00f3n aplicable<\/p><p data-cya11y-org-font-size=\"16\">Las presentes condiciones de contrataci\u00f3n se regir\u00e0n por la legislaci\u00f3n espa\u00f1ola.<\/p><p data-cya11y-org-font-size=\"16\">Pol\u00edtica de Privacidad<\/p><p data-cya11y-org-font-size=\"16\">El sitio web https:\/\/www.puertascruz.com es titularidad de Puertas y Molduras CRUZ\u200b. , con CIF B25404393 y domicilio a Av. de la Mediterr\u00e0nia, 16, 25241 Golm\u00e9s, Lleida.<\/p><p data-cya11y-org-font-size=\"16\">De acuerdo con la legislaci\u00f3n vigente, Puertas y Molduras CRUZ ha inscrito sus ficheros a la Agencia Catalana de Protecci\u00f3n de datos, y ha adoptado las medidas t\u00e9cnicas y organizativas para garantizar la seguridad de los datos de car\u00e1cter personal y evitar su alteraci\u00f3n, p\u00e9rdida, tratamiento o acceso no autorizado, de conformidad con el establecido en el RD 1720\/ 2007 por el cual se aprueba el Reglamento de desarrollo de la EL 15\/99 de protecci\u00f3n de datos de car\u00e1cter personal.<\/p><p data-cya11y-org-font-size=\"16\">Los datos personales que nos facilite mediante el formulario \u201ccontacta\u201d, pasar\u00e1n a formar parte de nuestros ficheros con el fin de responder las cuestiones que nos plantee y ponerse en contacto con usted.<\/p><p data-cya11y-org-font-size=\"16\">Los datos de car\u00e1cter personal que nos remita a trav\u00e9s del formulario \u201cinscr\u00edbete\u201d formar\u00e1n parte de nuestros ficheros con el fin de proceder a su inscripci\u00f3n en la base de datos facilitarle los servicios contratados.<\/p><p data-cya11y-org-font-size=\"16\">En todos los casos en que nos facilite sus datos a trav\u00e9s de cualquier de los formularios o direcciones de correo electr\u00f3nico de esta Web los mismos ser\u00e1n utilizados para remitirle por cualquier medio, incluidos medios electr\u00f3nicos, informaci\u00f3n sobre actividades y servicios propios que puedan ser de su inter\u00e9s, todo lo cual acepta expresamente con la remisi\u00f3n del formulario y\/ o el correo. Si en alg\u00fan momento no desea seguir recibiendo informaci\u00f3n de nuestra empresa, env\u00ede un correo a puertascruz@puertascruz.com con el asunto \u201cbaja\u201d a la direcci\u00f3n en la cual quiere dejar de recibir nuestros correos promocionales. Sus datos no ser\u00e1n facilidades a terceros, excepto en los supuestos en que sea necesario para el cumplimiento de la relaci\u00f3n establecida y\/o cuando est\u00e9 previsto legalmente.<\/p><p data-cya11y-org-font-size=\"16\">En esta Web existen enlaces en los perfiles en redes sociales en los cuales tiene presencia Puertas y Molduras CRUZ. Si decide seguirnos a trav\u00e9s de cualquier red social en la cual Puertas y Molduras CRUZ tenga perfil o p\u00e1gina, le informamos que gestionaremos las comunicaciones mediante las mismas de acuerdo con los t\u00e9rminos y condiciones de cada red social y que trataremos sus datos para gestionar la lista de personas interesadas en las actividades y noticias de la Empresa que se faciliten a trav\u00e9s de cada red social. Esta informaci\u00f3n siempre la recibir\u00e1 a trav\u00e9s de la red social en cuesti\u00f3n y mientras sea seguidor de Puertas y Molduras CRUZ. en la misma. Cada una de estas redes sociales cuenta con unos t\u00e9rminos y condiciones propios y son entidades ajenas a la empresa.<\/p><p data-cya11y-org-font-size=\"16\">Puertas y Molduras CRUZ se reserva el derecho de modificar su pol\u00edtica de privacidad por motivos de adaptaci\u00f3n a la legislaci\u00f3n vigente, o similares, por lo cual se recomienda al usuario de este sitio web la revisi\u00f3n peri\u00f3dica de este apartado, puesto que el uso del Web por parte del usuario se entender\u00e1 como aceptaci\u00f3n de la pol\u00edtica de privacidad vigente en este momento. Puede ejercitar sus derechos de acceso, rectificaci\u00f3n, cancelaci\u00f3n y oposici\u00f3n por escrito, junto con fotocopia de documento que acredite su identidad ante el responsable Puertas y Molduras CRUZ en la siguiente direcci\u00f3n: Av. de la Mediterr\u00e0nia, 16, 25241 Golm\u00e9s, Lleida.<\/p>\t\t\t\t\t\t\t\t<\/div>\n\t\t\t\t\t<\/div>\n\t\t\t\t<\/div>\n\t\t\t\t<\/div>","protected":false},"excerpt":{"rendered":"<p>T\u00e9rminos y condiciones Datos de la empresa Puertas y Molduras CRUZ \u2028C.I.F: B25404393 Domicilio: Av. de la Mediterr\u00e0nia, 16, 25241 Golm\u00e9s, Lleida. Tel\u00e9fono: +34 973602218 \/ 977263370 E-mail: puertascruz@puertascruz.com Usuarios El acceso y\/o uso de este sitio web atribuye la condici\u00f3n de usuario, y acepta, desde este acceso y\/o uso, las condiciones generales que se [&hellip;]<\/p>","protected":false},"author":1,"featured_media":0,"parent":0,"menu_order":0,"comment_status":"closed","ping_status":"closed","template":"","meta":{"footnotes":""},"class_list":["post-27505","page","type-page","status-publish","hentry"],"_links":{"self":[{"href":"https:\/\/www.puertascruz.com\/ca\/wp-json\/wp\/v2\/pages\/27505","targetHints":{"allow":["GET"]}}],"collection":[{"href":"https:\/\/www.puertascruz.com\/ca\/wp-json\/wp\/v2\/pages"}],"about":[{"href":"https:\/\/www.puertascruz.com\/ca\/wp-json\/wp\/v2\/types\/page"}],"author":[{"embeddable":true,"href":"https:\/\/www.puertascruz.com\/ca\/wp-json\/wp\/v2\/users\/1"}],"replies":[{"embeddable":true,"href":"https:\/\/www.puertascruz.com\/ca\/wp-json\/wp\/v2\/comments?post=27505"}],"version-history":[{"count":7,"href":"https:\/\/www.puertascruz.com\/ca\/wp-json\/wp\/v2\/pages\/27505\/revisions"}],"predecessor-version":[{"id":27513,"href":"https:\/\/www.puertascruz.com\/ca\/wp-json\/wp\/v2\/pages\/27505\/revisions\/27513"}],"wp:attachment":[{"href":"https:\/\/www.puertascruz.com\/ca\/wp-json\/wp\/v2\/media?parent=27505"}],"curies":[{"name":"wp","href":"https:\/\/api.w.org\/{rel}","templated":true}]}}