{"id":27495,"date":"2025-10-27T16:48:17","date_gmt":"2025-10-27T16:48:17","guid":{"rendered":"https:\/\/www.puertascruz.com\/?page_id=27495"},"modified":"2025-10-27T17:13:45","modified_gmt":"2025-10-27T17:13:45","slug":"privacy-policy-cookies","status":"publish","type":"page","link":"https:\/\/www.puertascruz.com\/ca\/privacy-policy-cookies\/","title":{"rendered":"Privacy Policy Cookies"},"content":{"rendered":"<div data-elementor-type=\"wp-page\" data-elementor-id=\"27495\" class=\"elementor elementor-27495\" data-elementor-post-type=\"page\">\n\t\t\t\t<div class=\"elementor-element elementor-element-82c79bc e-flex e-con-boxed e-con e-parent\" data-id=\"82c79bc\" data-element_type=\"container\">\n\t\t\t\t\t<div class=\"e-con-inner\">\n\t\t\t\t<div class=\"elementor-element elementor-element-49a778f elementor-widget elementor-widget-heading\" data-id=\"49a778f\" data-element_type=\"widget\" data-settings=\"{&quot;wdt_animation_effect&quot;:&quot;none&quot;}\" data-widget_type=\"heading.default\">\n\t\t\t\t\t<h2 class=\"elementor-heading-title elementor-size-default\">Pol\u00edtica de privacidad y galletas<\/h2>\t\t\t\t<\/div>\n\t\t\t\t\t<\/div>\n\t\t\t\t<\/div>\n\t\t<div class=\"elementor-element elementor-element-39eee16 e-flex e-con-boxed e-con e-parent\" data-id=\"39eee16\" data-element_type=\"container\">\n\t\t\t\t\t<div class=\"e-con-inner\">\n\t\t\t\t<div class=\"elementor-element elementor-element-848eb60 elementor-widget elementor-widget-text-editor\" data-id=\"848eb60\" data-element_type=\"widget\" data-settings=\"{&quot;wdt_animation_effect&quot;:&quot;none&quot;}\" data-widget_type=\"text-editor.default\">\n\t\t\t\t\t\t\t\t\t<p data-cya11y-org-font-size=\"16\">La presente Pol\u00edtica de Privacidad constituye junto con las Normas de participaci\u00f3n y el aviso legal el marco jur\u00eddico que regula el uso del sitio web https:\/\/www.puertascruz.com. La presente Pol\u00edtica de Privacidad en concreto regula el uso y tratamiento que Puertas y Molduras CRUZ da a vuestros datos de car\u00e1cter personal como usuario del Sitio web, puesto que al acceder a la p\u00e1gina web www.lasenalla.cat pas\u00e1is a tener la condici\u00f3n de usuario de este web (en lo sucesivo, el \u201cUsuario\u201d).<\/p><p data-cya11y-org-font-size=\"16\">El presente sitio web es titularidad de Puertas y Molduras CRUZ con domicilio social a Av. de la Mediterr\u00e0nia, 16, 25241 Golm\u00e9s, Lleida. con CIF: B25404393 .<\/p><p data-cya11y-org-font-size=\"16\">Al Sitio web encontrar\u00e9is a vuestra disposici\u00f3n la presente Pol\u00edtica de Privacidad en catal\u00e1n y castellano porque la pod\u00e1is consultar, archivar o imprimir en cualquier momento. Es posible que var\u00ede con el tiempo como consecuencia de cambios al Sitio web, novedades legislativas o jurisprudenciales o para que surjan criterios nuevos de la Agencia Espa\u00f1ola de Protecci\u00f3n de Datos o la nueva normativa europea nos obligue a hacer futuras modificaciones. Por eso, Puertas y Molduras CRUZ se reserva el derecho a modificar la presente Pol\u00edtica de Privacidad y recomienda leer detenidamente la Pol\u00edtica de Privacidad siempre que se acceda al Sitio web.<\/p><p data-cya11y-org-font-size=\"16\">Confidencialidad<\/p><p data-cya11y-org-font-size=\"16\">Puertas y Molduras CRUZ se compromete a cumplir su obligaci\u00f3n de secreto de los datos de car\u00e1cter personal y el deber de guardarlas de forma confidencial y adopta las medidas necesarias para evitar la alteraci\u00f3n, p\u00e9rdida, tratamiento o acceso no autorizado, teniendo en cuenta en todo momento el estado de la tecnolog\u00eda.<\/p><p data-cya11y-org-font-size=\"16\">Seguridad de los datos<\/p><p data-cya11y-org-font-size=\"16\">Puertas y Molduras CRUZ garantiza la adopci\u00f3n de las medidas oportunas para asegurar el tratamiento confidencial de estos datos. Por eso, ha implantado todas las medidas de seguridad t\u00e9cnicas y organizativas necesarias que garanticen la integridad, confidencialidad y disponibilidad de los datos personales facilitados por el usuario, en particular las estipuladas en el RGDP (Reglamento General de la Protecci\u00f3n de Datos \u2013 UE 2016\/679, del 27 de abril), que ha ampliado el alcance de la Ley Org\u00e1nica 15\/1999, de 13 de diciembre, de Protecci\u00f3n de Datos de Car\u00e1cter Personal (LOPD) y su Reglamento de Despliegue RD 1720\/2007.<\/p><p data-cya11y-org-font-size=\"16\">Protecci\u00f3n de datos de car\u00e1cter personal<\/p><p data-cya11y-org-font-size=\"16\">Los datos personales facilitados voluntariamente ser\u00e1n tratadas de manera confidencial, bajo la protecci\u00f3n y las especificaciones contenidas en el reglamento vigente, y se recoger\u00e1n en fichero debidamente inscrito a la Agencia de Protecci\u00f3n de Datos, el responsable del cual es Puertas y Molduras CRUZ, y la finalidad del cual es la gesti\u00f3n de los clientes e interesados al contactar, as\u00ed como la venta en l\u00ednea de productos y la resoluci\u00f3n de consultas.<\/p><p data-cya11y-org-font-size=\"16\">La base legal para el tratamiento de datos es el consentimiento del cliente. Tratamos los datos personales de los clientes con la \u00fanica finalidad de gestionar su relaci\u00f3n comercial, la organizaci\u00f3n de actividades y campa\u00f1as y el env\u00edo de comunicaciones informativas y comerciales (tambi\u00e9n por v\u00eda electr\u00f3nica).<\/p><p data-cya11y-org-font-size=\"16\">Los datos personales no se ceder\u00e1n a terceros (a excepci\u00f3n de obligaci\u00f3n legal) y se conservar\u00e1n durante el plazo de seis (6) a\u00f1os de conformidad con la normativa contable vigente y, si se tercia, durante manantial (10) seg\u00fan la normativa de prevenci\u00f3n de blanqueo de capitales.<\/p><p data-cya11y-org-font-size=\"16\">El usuario puede acceder a los datos personales, as\u00ed como solicitar la rectificaci\u00f3n de los datos inexactos o, si procede, solicitar la cancelaci\u00f3n o supresi\u00f3n cuando los datos ya no sean necesarias para las finalidades que fueron recogidas. Tambi\u00e9n podr\u00e1 solicitar la limitaci\u00f3n, portabilidad y oposici\u00f3n del tratamiento de sus datos, en determinadas circunstancias y por motivos relacionados con su situaci\u00f3n particular.<\/p><p data-cya11y-org-font-size=\"16\">Podr\u00e1 revocar el consentimiento al env\u00edo de comunicaciones comerciales y ejercer los derechos referidos anteriormente, mediante el env\u00edo de un correo electr\u00f3nico a hola@lasenalla.cat<\/p><p data-cya11y-org-font-size=\"16\">Informaci\u00f3n sobre cookies<\/p><p data-cya11y-org-font-size=\"16\">Puertas y Molduras CRUZ utiliza galletas (\u2018cookies\u2019) en la navegaci\u00f3n del usuario por sus sitios web para facilitar la personalizaci\u00f3n y la comodidad de la navegaci\u00f3n.<\/p><p data-cya11y-org-font-size=\"16\">Una galleta es un fragmento de informaci\u00f3n enviado desde un servidor de p\u00e1ginas web a un navegador que puede ser devuelta por el navegador en posteriores accesos a este servidor. Las \u2018cookies\u2019 se asocian al usuario an\u00f3nimo y a su ordenador y no proporcionan por s\u00ed mismas ni el nombre ni los apellidos del usuario.<\/p><p data-cya11y-org-font-size=\"16\">En este web se utilizan cookies de Google para mostrar anuncios publicitarios basados en anteriores visitas en el web o a otros webs que tambi\u00e9n muestran anuncios de Google. Los usuarios pueden optar por no admitir el seguimiento mediante cookies de publicidad accediendo a: https:\/\/www.google.com\/settings\/ads<\/p><p data-cya11y-org-font-size=\"16\">Tipo de cookies<\/p><p data-cya11y-org-font-size=\"16\">Cookies de Registro: Para identificar el usuario que ha iniciado sesi\u00f3n.<\/p><p data-cya11y-org-font-size=\"16\">Cookies de Publicidad: Para poder ofrecer contenidos publicitarios relacionados con los intereses del usuario, ya sea directamente o a trav\u00e9s de terceros anomentats Adservers<\/p><p data-cya11y-org-font-size=\"16\">Cookies Anal\u00edticas: Para obtener informaci\u00f3n relacionada con la medici\u00f3n de la audiencia.<\/p><p data-cya11y-org-font-size=\"16\">Cookies sobre Geo-localizaci\u00f3n: Dan informaci\u00f3n sobre la ubicaci\u00f3n geogr\u00e1fica del usuario.<\/p><p data-cya11y-org-font-size=\"16\">El usuario tiene la posibilidad de configurar su navegador de forma que sea informado de la recepci\u00f3n de \u2018cookies\u2019, con la posibilidad, si lo desea, de impedir que se instalen a su disco duro. Sin embargo, para acceder a Nube no es preceptiva la instalaci\u00f3n de \u2018cookies\u2019.<\/p><p data-cya11y-org-font-size=\"16\">Seg\u00fan el tipo de navegador que utilice el usuario puede deshabilitar el uso de las cookies a :<\/p><p data-cya11y-org-font-size=\"16\">Chrome: Configuraci\u00f3n &gt; Configuraci\u00f3n avanzada &gt; Privacidad y seguridad &gt; Configuraci\u00f3n del contenido<\/p><p data-cya11y-org-font-size=\"16\">Firefox: Opciones &gt; Privacidad y seguridad<\/p><p data-cya11y-org-font-size=\"16\">Edge: Configuraci\u00f3n &gt; Configuraci\u00f3n avanzada &gt; Privacidad y servicios<\/p><p data-cya11y-org-font-size=\"16\">Safari: Preferencias &gt; Privacidad<\/p><p data-cya11y-org-font-size=\"16\">LSSICE<\/p><p data-cya11y-org-font-size=\"16\">As\u00ed mismo, informamos que no usamos estos datos para enviar comunicaciones comerciales por correo electr\u00f3nico no solicitadas o no autorizadas expresamente y previamente por el interesado, seg\u00fan el que estipula la LSSICE.<\/p><p data-cya11y-org-font-size=\"16\">Nulidad e ineficacia de las cl\u00e1usulas<\/p><p data-cya11y-org-font-size=\"16\">Si cualquier cl\u00e1usula de la presente Pol\u00edtica de Privacidad junto con la Pol\u00edtica de Privacidad y la Pol\u00edtica de Cookies fuera declarada total o parcialmente nula o ineficaz, afectar\u00e1 tan solo a la dicha disposici\u00f3n o parte de la misma que resulte nula o ineficaz, subsistiendo en todo el resto el resto de condiciones generales y teni\u00e9ndose tal disposici\u00f3n o la parte de la misma que resulte afectada por no puesta, salvo que, si resultara esencial a las presentes condiciones generales, tuviera que afectarlas de forma integral.<\/p><p data-cya11y-org-font-size=\"16\">Ley aplicable y jurisdicci\u00f3n<\/p><p data-cya11y-org-font-size=\"16\">Para la resoluci\u00f3n de todas las controversias o cuestiones relacionadas con el presente sitio web o de las actividades que se desarrollan, se aplica la legislaci\u00f3n espa\u00f1ola en todos los casos, a la cual se someten expresamente las partes. El mero hecho de la utilizaci\u00f3n de los servicios este sitio web presupone la aceptaci\u00f3n expr\u00e9s de la dicha aceptaci\u00f3n de la jurisdicci\u00f3n espa\u00f1ola.<\/p><p data-cya11y-org-font-size=\"16\">As\u00ed mismo, y con la excepci\u00f3n del que se expresa en el p\u00e1rrafo siguiente, las partes que intervienen acuerdan que todo litigio, discrepancia, cuesti\u00f3n o reclamaci\u00f3n resultante de la ejecuci\u00f3n o interpretaci\u00f3n de las presentes condiciones o relacionado, u otros textos que pudiera haber al sitio web, se resolver\u00e1n definitivamente mediante sometimiento a los Juzgados y Tribunales de Lleida con renuncia expr\u00e9s a cualquier otro fuero o demarcaci\u00f3n jurisdiccional que pudiera resultar competente.<\/p><p data-cya11y-org-font-size=\"16\">El p\u00e1rrafo anterior no se aplica en el supuesto de que una de las partes sea un consumidor o usuario seg\u00fan la definici\u00f3n de la normativa de protecci\u00f3n de los Consumidores y Usuarios (Real decreto legislativo 1\/2007, de 16 de noviembre, por el cual se aprueba el texto refundido de la Ley General para la Defensa de los Consumidores y Usuarios y otras leyes complementarias), en este caso, (y para un conflicto relacionado y amparado por la Ley) se aplicar\u00eda preferente el lugar designado en la dicha legislaci\u00f3n.<\/p>\t\t\t\t\t\t\t\t<\/div>\n\t\t\t\t\t<\/div>\n\t\t\t\t<\/div>\n\t\t\t\t<\/div>","protected":false},"excerpt":{"rendered":"<p>Pol\u00edtica de privacidad y galletas La presente Pol\u00edtica de Privacidad constituye junto con las Normas de participaci\u00f3n y el aviso legal el marco jur\u00eddico que regula el uso del sitio web https:\/\/www.puertascruz.com. La presente Pol\u00edtica de Privacidad en concreto regula el uso y tratamiento que Puertas y Molduras CRUZ da a vuestros datos de car\u00e1cter [&hellip;]<\/p>","protected":false},"author":1,"featured_media":0,"parent":0,"menu_order":0,"comment_status":"closed","ping_status":"closed","template":"","meta":{"footnotes":""},"class_list":["post-27495","page","type-page","status-publish","hentry"],"_links":{"self":[{"href":"https:\/\/www.puertascruz.com\/ca\/wp-json\/wp\/v2\/pages\/27495","targetHints":{"allow":["GET"]}}],"collection":[{"href":"https:\/\/www.puertascruz.com\/ca\/wp-json\/wp\/v2\/pages"}],"about":[{"href":"https:\/\/www.puertascruz.com\/ca\/wp-json\/wp\/v2\/types\/page"}],"author":[{"embeddable":true,"href":"https:\/\/www.puertascruz.com\/ca\/wp-json\/wp\/v2\/users\/1"}],"replies":[{"embeddable":true,"href":"https:\/\/www.puertascruz.com\/ca\/wp-json\/wp\/v2\/comments?post=27495"}],"version-history":[{"count":10,"href":"https:\/\/www.puertascruz.com\/ca\/wp-json\/wp\/v2\/pages\/27495\/revisions"}],"predecessor-version":[{"id":27516,"href":"https:\/\/www.puertascruz.com\/ca\/wp-json\/wp\/v2\/pages\/27495\/revisions\/27516"}],"wp:attachment":[{"href":"https:\/\/www.puertascruz.com\/ca\/wp-json\/wp\/v2\/media?parent=27495"}],"curies":[{"name":"wp","href":"https:\/\/api.w.org\/{rel}","templated":true}]}}